{"id":5682,"date":"2020-08-22T18:00:07","date_gmt":"2020-08-22T18:00:07","guid":{"rendered":"https:\/\/optionstogrow.com\/formulaire-de-contact\/"},"modified":"2024-05-21T18:59:27","modified_gmt":"2024-05-21T18:59:27","slug":"formulaire-de-contact","status":"publish","type":"page","link":"https:\/\/optionstogrow.com\/fr\/formulaire-de-contact\/","title":{"rendered":"Contact"},"content":{"rendered":"\n<p class=\"\">Bonjour lecteur, merci de visiter ce site web. <br\/><br\/>Si vous souhaitez me contacter, envoyez-moi un courriel \u00e0 l&rsquo;adresse <strong>suivante : dror@optionstogrow.com<\/strong> ou remplissez le formulaire ci-dessous.<br\/><br\/>Merci et \u00e0 bient\u00f4t. Dror <\/p>\n\n<div class=\"wpcf7 no-js\" id=\"wpcf7-f5221-o1\" lang=\"en-US\" dir=\"ltr\" data-wpcf7-id=\"5221\">\n<div class=\"screen-reader-response\"><p role=\"status\" aria-live=\"polite\" aria-atomic=\"true\"><\/p> <ul><\/ul><\/div>\n<form action=\"\/fr\/wp-json\/wp\/v2\/pages\/5682#wpcf7-f5221-o1\" method=\"post\" class=\"wpcf7-form init\" aria-label=\"Contact form\" novalidate=\"novalidate\" data-status=\"init\">\n<fieldset class=\"hidden-fields-container\"><input type=\"hidden\" name=\"_wpcf7\" value=\"5221\" \/><input type=\"hidden\" name=\"_wpcf7_version\" value=\"6.1.5\" \/><input type=\"hidden\" name=\"_wpcf7_locale\" value=\"en_US\" \/><input type=\"hidden\" name=\"_wpcf7_unit_tag\" value=\"wpcf7-f5221-o1\" \/><input type=\"hidden\" name=\"_wpcf7_container_post\" value=\"0\" \/><input type=\"hidden\" name=\"_wpcf7_posted_data_hash\" value=\"\" \/>\n<\/fieldset>\n<p><label> Your name<br \/>\n<span class=\"wpcf7-form-control-wrap\" data-name=\"your-name\"><input size=\"40\" maxlength=\"400\" class=\"wpcf7-form-control wpcf7-text wpcf7-validates-as-required\" autocomplete=\"name\" aria-required=\"true\" aria-invalid=\"false\" value=\"\" type=\"text\" name=\"your-name\" \/><\/span> <\/label>\n<\/p>\n<p><label> Your email<br \/>\n<span class=\"wpcf7-form-control-wrap\" data-name=\"your-email\"><input size=\"40\" maxlength=\"400\" class=\"wpcf7-form-control wpcf7-email wpcf7-validates-as-required wpcf7-text wpcf7-validates-as-email\" autocomplete=\"email\" aria-required=\"true\" aria-invalid=\"false\" value=\"\" type=\"email\" name=\"your-email\" \/><\/span> <\/label>\n<\/p>\n<p><label> Subject<br \/>\n<span class=\"wpcf7-form-control-wrap\" data-name=\"your-subject\"><input size=\"40\" maxlength=\"400\" class=\"wpcf7-form-control wpcf7-text wpcf7-validates-as-required\" aria-required=\"true\" aria-invalid=\"false\" value=\"\" type=\"text\" name=\"your-subject\" \/><\/span> <\/label>\n<\/p>\n<p><label> Your message (optional)<br \/>\n<span class=\"wpcf7-form-control-wrap\" data-name=\"your-message\"><textarea cols=\"40\" rows=\"10\" maxlength=\"2000\" class=\"wpcf7-form-control wpcf7-textarea\" aria-invalid=\"false\" name=\"your-message\"><\/textarea><\/span> <\/label>\n<\/p>\n<p><input class=\"wpcf7-form-control wpcf7-submit has-spinner\" type=\"submit\" value=\"Submit\" \/>\n<\/p><p style=\"display: none !important;\" class=\"akismet-fields-container\" data-prefix=\"_wpcf7_ak_\"><label>&#916;<textarea name=\"_wpcf7_ak_hp_textarea\" cols=\"45\" rows=\"8\" maxlength=\"100\"><\/textarea><\/label><input type=\"hidden\" id=\"ak_js_1\" name=\"_wpcf7_ak_js\" value=\"170\"\/><script>document.getElementById( \"ak_js_1\" ).setAttribute( \"value\", ( new Date() ).getTime() );<\/script><\/p><div class=\"wpcf7-response-output\" aria-hidden=\"true\"><\/div>\n<\/form>\n<\/div>\n\n\n<p class=\"\"><\/p>\n","protected":false},"excerpt":{"rendered":"<p>Bonjour lecteur, merci de visiter ce site web. Si vous souhaitez me contacter, envoyez-moi un courriel \u00e0 l&rsquo;adresse suivante : dror@optionstogrow.com ou remplissez le formulaire ci-dessous. Merci et \u00e0 bient\u00f4t. Dror<\/p>\n","protected":false},"author":2,"featured_media":0,"parent":0,"menu_order":0,"comment_status":"closed","ping_status":"closed","template":"","meta":{"_monsterinsights_skip_tracking":false,"_monsterinsights_sitenote_active":false,"_monsterinsights_sitenote_note":"","_monsterinsights_sitenote_category":0,"_genesis_hide_title":false,"_genesis_hide_breadcrumbs":false,"_genesis_hide_singular_image":false,"_genesis_hide_footer_widgets":false,"_genesis_custom_body_class":"","_genesis_custom_post_class":"","_genesis_layout":"","_wp_convertkit_post_meta":{"form":"-1","landing_page":"0","tag":"0","restrict_content":"0"},"jetpack_post_was_ever_published":false,"footnotes":""},"class_list":{"0":"post-5682","1":"page","2":"type-page","3":"status-publish","5":"entry"},"yoast_head":"<!-- This site is optimized with the Yoast SEO plugin v27.4 - https:\/\/yoast.com\/product\/yoast-seo-wordpress\/ -->\n<title>Contact - Des options pour se d\u00e9velopper<\/title>\n<meta name=\"robots\" content=\"index, follow, max-snippet:-1, max-image-preview:large, max-video-preview:-1\" \/>\n<link rel=\"canonical\" href=\"https:\/\/optionstogrow.com\/fr\/formulaire-de-contact\/\" \/>\n<meta property=\"og:locale\" content=\"fr_FR\" \/>\n<meta property=\"og:type\" content=\"article\" \/>\n<meta property=\"og:title\" content=\"Contact - Des options pour se d\u00e9velopper\" \/>\n<meta property=\"og:description\" content=\"Bonjour lecteur, merci de visiter ce site web. Si vous souhaitez me contacter, envoyez-moi un courriel \u00e0 l&rsquo;adresse suivante : dror@optionstogrow.com ou remplissez le formulaire ci-dessous. Merci et \u00e0 bient\u00f4t. Dror\" \/>\n<meta property=\"og:url\" content=\"https:\/\/optionstogrow.com\/fr\/formulaire-de-contact\/\" \/>\n<meta property=\"og:site_name\" content=\"Des options pour se d\u00e9velopper\" \/>\n<meta property=\"article:publisher\" content=\"https:\/\/www.facebook.com\/Options-To-Grow-109035218181837\" \/>\n<meta property=\"article:modified_time\" content=\"2024-05-21T18:59:27+00:00\" \/>\n<meta name=\"twitter:card\" content=\"summary_large_image\" \/>\n<meta name=\"twitter:site\" content=\"@mr_otg\" \/>\n<script type=\"application\/ld+json\" class=\"yoast-schema-graph\">{\"@context\":\"https:\\\/\\\/schema.org\",\"@graph\":[{\"@type\":\"WebPage\",\"@id\":\"https:\\\/\\\/optionstogrow.com\\\/fr\\\/formulaire-de-contact\\\/\",\"url\":\"https:\\\/\\\/optionstogrow.com\\\/fr\\\/formulaire-de-contact\\\/\",\"name\":\"Contact - Des options pour se d\u00e9velopper\",\"isPartOf\":{\"@id\":\"https:\\\/\\\/optionstogrow.com\\\/fr\\\/#website\"},\"datePublished\":\"2020-08-22T18:00:07+00:00\",\"dateModified\":\"2024-05-21T18:59:27+00:00\",\"breadcrumb\":{\"@id\":\"https:\\\/\\\/optionstogrow.com\\\/fr\\\/formulaire-de-contact\\\/#breadcrumb\"},\"inLanguage\":\"fr-FR\",\"potentialAction\":[{\"@type\":\"ReadAction\",\"target\":[\"https:\\\/\\\/optionstogrow.com\\\/fr\\\/formulaire-de-contact\\\/\"]}]},{\"@type\":\"BreadcrumbList\",\"@id\":\"https:\\\/\\\/optionstogrow.com\\\/fr\\\/formulaire-de-contact\\\/#breadcrumb\",\"itemListElement\":[{\"@type\":\"ListItem\",\"position\":1,\"name\":\"Home\",\"item\":\"https:\\\/\\\/optionstogrow.com\\\/fr\\\/\"},{\"@type\":\"ListItem\",\"position\":2,\"name\":\"Contact\"}]},{\"@type\":\"WebSite\",\"@id\":\"https:\\\/\\\/optionstogrow.com\\\/fr\\\/#website\",\"url\":\"https:\\\/\\\/optionstogrow.com\\\/fr\\\/\",\"name\":\"Des options pour se d\u00e9velopper\",\"description\":\"Acc\u00e9l\u00e9rer les r\u00e9sultats sur vos projets importants\",\"publisher\":{\"@id\":\"https:\\\/\\\/optionstogrow.com\\\/fr\\\/#organization\"},\"potentialAction\":[{\"@type\":\"SearchAction\",\"target\":{\"@type\":\"EntryPoint\",\"urlTemplate\":\"https:\\\/\\\/optionstogrow.com\\\/fr\\\/?s={search_term_string}\"},\"query-input\":{\"@type\":\"PropertyValueSpecification\",\"valueRequired\":true,\"valueName\":\"search_term_string\"}}],\"inLanguage\":\"fr-FR\"},{\"@type\":\"Organization\",\"@id\":\"https:\\\/\\\/optionstogrow.com\\\/fr\\\/#organization\",\"name\":\"OptionsToGrow\",\"url\":\"https:\\\/\\\/optionstogrow.com\\\/fr\\\/\",\"logo\":{\"@type\":\"ImageObject\",\"inLanguage\":\"fr-FR\",\"@id\":\"https:\\\/\\\/optionstogrow.com\\\/fr\\\/#\\\/schema\\\/logo\\\/image\\\/\",\"url\":\"https:\\\/\\\/i1.wp.com\\\/optionstogrow.com\\\/wp-content\\\/uploads\\\/2020\\\/07\\\/logo-web-1-e1597514267714.jpg?fit=96%2C65&ssl=1\",\"contentUrl\":\"https:\\\/\\\/i1.wp.com\\\/optionstogrow.com\\\/wp-content\\\/uploads\\\/2020\\\/07\\\/logo-web-1-e1597514267714.jpg?fit=96%2C65&ssl=1\",\"width\":96,\"height\":65,\"caption\":\"OptionsToGrow\"},\"image\":{\"@id\":\"https:\\\/\\\/optionstogrow.com\\\/fr\\\/#\\\/schema\\\/logo\\\/image\\\/\"},\"sameAs\":[\"https:\\\/\\\/www.facebook.com\\\/Options-To-Grow-109035218181837\",\"https:\\\/\\\/x.com\\\/mr_otg\"]}]}<\/script>\n<!-- \/ Yoast SEO plugin. -->","yoast_head_json":{"title":"Contact - Des options pour se d\u00e9velopper","robots":{"index":"index","follow":"follow","max-snippet":"max-snippet:-1","max-image-preview":"max-image-preview:large","max-video-preview":"max-video-preview:-1"},"canonical":"https:\/\/optionstogrow.com\/fr\/formulaire-de-contact\/","og_locale":"fr_FR","og_type":"article","og_title":"Contact - Des options pour se d\u00e9velopper","og_description":"Bonjour lecteur, merci de visiter ce site web. Si vous souhaitez me contacter, envoyez-moi un courriel \u00e0 l&rsquo;adresse suivante : dror@optionstogrow.com ou remplissez le formulaire ci-dessous. Merci et \u00e0 bient\u00f4t. Dror","og_url":"https:\/\/optionstogrow.com\/fr\/formulaire-de-contact\/","og_site_name":"Des options pour se d\u00e9velopper","article_publisher":"https:\/\/www.facebook.com\/Options-To-Grow-109035218181837","article_modified_time":"2024-05-21T18:59:27+00:00","twitter_card":"summary_large_image","twitter_site":"@mr_otg","schema":{"@context":"https:\/\/schema.org","@graph":[{"@type":"WebPage","@id":"https:\/\/optionstogrow.com\/fr\/formulaire-de-contact\/","url":"https:\/\/optionstogrow.com\/fr\/formulaire-de-contact\/","name":"Contact - Des options pour se d\u00e9velopper","isPartOf":{"@id":"https:\/\/optionstogrow.com\/fr\/#website"},"datePublished":"2020-08-22T18:00:07+00:00","dateModified":"2024-05-21T18:59:27+00:00","breadcrumb":{"@id":"https:\/\/optionstogrow.com\/fr\/formulaire-de-contact\/#breadcrumb"},"inLanguage":"fr-FR","potentialAction":[{"@type":"ReadAction","target":["https:\/\/optionstogrow.com\/fr\/formulaire-de-contact\/"]}]},{"@type":"BreadcrumbList","@id":"https:\/\/optionstogrow.com\/fr\/formulaire-de-contact\/#breadcrumb","itemListElement":[{"@type":"ListItem","position":1,"name":"Home","item":"https:\/\/optionstogrow.com\/fr\/"},{"@type":"ListItem","position":2,"name":"Contact"}]},{"@type":"WebSite","@id":"https:\/\/optionstogrow.com\/fr\/#website","url":"https:\/\/optionstogrow.com\/fr\/","name":"Des options pour se d\u00e9velopper","description":"Acc\u00e9l\u00e9rer les r\u00e9sultats sur vos projets importants","publisher":{"@id":"https:\/\/optionstogrow.com\/fr\/#organization"},"potentialAction":[{"@type":"SearchAction","target":{"@type":"EntryPoint","urlTemplate":"https:\/\/optionstogrow.com\/fr\/?s={search_term_string}"},"query-input":{"@type":"PropertyValueSpecification","valueRequired":true,"valueName":"search_term_string"}}],"inLanguage":"fr-FR"},{"@type":"Organization","@id":"https:\/\/optionstogrow.com\/fr\/#organization","name":"OptionsToGrow","url":"https:\/\/optionstogrow.com\/fr\/","logo":{"@type":"ImageObject","inLanguage":"fr-FR","@id":"https:\/\/optionstogrow.com\/fr\/#\/schema\/logo\/image\/","url":"https:\/\/i1.wp.com\/optionstogrow.com\/wp-content\/uploads\/2020\/07\/logo-web-1-e1597514267714.jpg?fit=96%2C65&ssl=1","contentUrl":"https:\/\/i1.wp.com\/optionstogrow.com\/wp-content\/uploads\/2020\/07\/logo-web-1-e1597514267714.jpg?fit=96%2C65&ssl=1","width":96,"height":65,"caption":"OptionsToGrow"},"image":{"@id":"https:\/\/optionstogrow.com\/fr\/#\/schema\/logo\/image\/"},"sameAs":["https:\/\/www.facebook.com\/Options-To-Grow-109035218181837","https:\/\/x.com\/mr_otg"]}]}},"jetpack_sharing_enabled":true,"jetpack_shortlink":"https:\/\/wp.me\/PcagkH-1tE","jetpack_likes_enabled":true,"_links":{"self":[{"href":"https:\/\/optionstogrow.com\/fr\/wp-json\/wp\/v2\/pages\/5682","targetHints":{"allow":["GET"]}}],"collection":[{"href":"https:\/\/optionstogrow.com\/fr\/wp-json\/wp\/v2\/pages"}],"about":[{"href":"https:\/\/optionstogrow.com\/fr\/wp-json\/wp\/v2\/types\/page"}],"author":[{"embeddable":true,"href":"https:\/\/optionstogrow.com\/fr\/wp-json\/wp\/v2\/users\/2"}],"replies":[{"embeddable":true,"href":"https:\/\/optionstogrow.com\/fr\/wp-json\/wp\/v2\/comments?post=5682"}],"version-history":[{"count":3,"href":"https:\/\/optionstogrow.com\/fr\/wp-json\/wp\/v2\/pages\/5682\/revisions"}],"predecessor-version":[{"id":5689,"href":"https:\/\/optionstogrow.com\/fr\/wp-json\/wp\/v2\/pages\/5682\/revisions\/5689"}],"wp:attachment":[{"href":"https:\/\/optionstogrow.com\/fr\/wp-json\/wp\/v2\/media?parent=5682"}],"curies":[{"name":"wp","href":"https:\/\/api.w.org\/{rel}","templated":true}]}}